{"id":58,"date":"2025-07-19T06:11:10","date_gmt":"2025-07-19T06:11:10","guid":{"rendered":"https:\/\/coffee46.azestilo.com\/?page_id=58"},"modified":"2025-07-30T19:07:53","modified_gmt":"2025-07-30T19:07:53","slug":"blog-with-right-sidebar","status":"publish","type":"page","link":"https:\/\/coffee46.azestilo.com\/?page_id=58","title":{"rendered":"Blog &amp; Noticias"},"content":{"rendered":"\t\t<div data-elementor-type=\"wp-page\" data-elementor-id=\"58\" class=\"elementor elementor-58\" data-elementor-settings=\"{&quot;ha_cmc_init_switcher&quot;:&quot;no&quot;}\">\n\t\t\t\t\t\t<section class=\"elementor-section elementor-top-section elementor-element elementor-element-53f17327 elementor-section-full_width elementor-section-height-min-height elementor-section-height-default elementor-section-items-middle\" data-id=\"53f17327\" data-element_type=\"section\" id=\"ecoffee-about-us-section\" data-settings=\"{&quot;background_background&quot;:&quot;classic&quot;,&quot;_ha_eqh_enable&quot;:false}\">\n\t\t\t\t\t\t<div class=\"elementor-container elementor-column-gap-default\">\n\t\t\t\t\t<div class=\"elementor-column elementor-col-100 elementor-top-column elementor-element elementor-element-75ef3cd8 ecoffee-banner-title\" data-id=\"75ef3cd8\" data-element_type=\"column\">\n\t\t\t<div class=\"elementor-widget-wrap elementor-element-populated\">\n\t\t\t\t\t\t<div class=\"elementor-element elementor-element-11f6a438 elementor-widget elementor-widget-ha-page-title happy-addon ha-page-title\" data-id=\"11f6a438\" data-element_type=\"widget\" data-widget_type=\"ha-page-title.default\">\n\t\t\t\t<div class=\"elementor-widget-container\">\n\t\t\t\t\t<h2 class=\"ha-page-title elementor-size-medium\">Blog &amp; Noticias<\/h2>\t\t\t\t<\/div>\n\t\t\t\t<\/div>\n\t\t\t\t\t<\/div>\n\t\t<\/div>\n\t\t\t\t\t<\/div>\n\t\t<\/section>\n\t\t\t\t<section class=\"elementor-section elementor-top-section elementor-element elementor-element-35af4c36 efarm-section-main-container elementor-section-boxed elementor-section-height-default elementor-section-height-default\" data-id=\"35af4c36\" data-element_type=\"section\" data-settings=\"{&quot;_ha_eqh_enable&quot;:false}\">\n\t\t\t\t\t\t<div class=\"elementor-container elementor-column-gap-default\">\n\t\t\t\t\t<div class=\"elementor-column elementor-col-100 elementor-top-column elementor-element elementor-element-c5e11e5\" data-id=\"c5e11e5\" data-element_type=\"column\">\n\t\t\t<div class=\"elementor-widget-wrap elementor-element-populated\">\n\t\t\t\t\t\t<section class=\"elementor-section elementor-inner-section elementor-element elementor-element-4e2cd80a elementor-section-boxed elementor-section-height-default elementor-section-height-default\" data-id=\"4e2cd80a\" data-element_type=\"section\" data-settings=\"{&quot;_ha_eqh_enable&quot;:false}\">\n\t\t\t\t\t\t<div class=\"elementor-container elementor-column-gap-default\">\n\t\t\t\t\t<div class=\"elementor-column elementor-col-50 elementor-inner-column elementor-element elementor-element-457f28ba efarm-blog-page\" data-id=\"457f28ba\" data-element_type=\"column\">\n\t\t\t<div class=\"elementor-widget-wrap elementor-element-populated\">\n\t\t\t\t\t\t<div class=\"elementor-element elementor-element-3f7a3655 elemento-coffee-blog-section elementor-widget elementor-widget-ea-amox-grid\" data-id=\"3f7a3655\" data-element_type=\"widget\" id=\"elemento-coffee-blog-page-section\" data-widget_type=\"ea-amox-grid.default\">\n\t\t\t\t<div class=\"elementor-widget-container\">\n\t\t\t\t\t\t\t<div class=\"ea-amox-grid\">\n\t\t\t\t\t\t\t\t\t<div class=\"ea-item \">\n\t\t\t<div class=\"ea-img-wrap\">\n\t\t\t\t\t\t<img decoding=\"async\" class=\"ea-img\" src=\"https:\/\/coffee46.azestilo.com\/wp-content\/uploads\/2025\/09\/Post-de-Instagram-Plastico-Reciclar-Agua-simple-Verde-y-Azul.png\" alt=\"En Coffee 46 cuidamos el planeta contigo \ud83c\udf0d\u2615\">\r\n\t\t\t\t\t<\/div>\n            \t\t\t<div class=\"ea-content\">\n\t\t\t\t\t\t<div class=\"ea-category\">\r\n\t\t\t<a href=\"https:\/\/coffee46.azestilo.com\/?cat=17\">Coffee<\/a>\t\t<\/div>\r\n\t\t\t\t\t\t\t\t<h3 class=\"ea-title\">\r\n\t\t\t<a href=\"https:\/\/coffee46.azestilo.com\/?p=1156\" class=\"title-animation-underline\" title=\"En Coffee 46 cuidamos el planeta contigo \ud83c\udf0d\u2615\">\r\n\t\t\t\tEn Coffee 46 cuidamos el planeta contigo \ud83c\udf0d\u2615\t\t\t<\/a>\r\n\t\t<\/h3>\r\n\t\t        <div class=\"ea-text-wrap\">\n          \t\t<div class=\"ea-text\">\r\n\t\t<p>En Coffee 46 cuidamos el planeta contigo \ud83c\udf0d\u2615 \ud83c\udf0d\ud83d\udc9a En Coffee 46 estamos comprometidos con el medio ambiente.Te invitamos a traer tu termo para bebidas y recipientes reutilizables para tu<\/p>\n\t\t<\/div>\r\n\t\t        <\/div>\n\t\t\t\t<div class=\"ea-meta ea-flex-inline ea-flex-middle\">\n\t\t\t\t\t\t\t<div class=\"ea-date\">\r\n\t\t\tseptiembre 29, 2025\t\t<\/div>\r\n\r\n\t\t\t\t\n\t\t<div class=\"ea-author\">\n\t\t\t<span>by<\/span>\n\t\t\t<a href=\"https:\/\/coffee46.azestilo.com\/?author=2\">\n\t\t\t\tCoffee_46\t\t\t<\/a>\n\t\t<\/div>\n\n\t\t\t\t\t\t\t\n\t\t<div class=\"ea-comments ea-flex ea-flex-middle\">\n\t\t\t<i class=\"eicon-comments\"><\/i>\n\t\t\t<span>0 Comments<\/span>\n\t\t<\/div>\n\n\t\t\t\t\t<\/div>\n        \t\t<div class=\"ea-button-wrap\">\n\t\t\t<a href=\"https:\/\/coffee46.azestilo.com\/?p=1156\" class=\"ea-readmore\">\n\t\t\t\t<span class=\"ea-readmore-icon\"><span><\/span>read more<\/span>\n\t\t\t<\/a>\n\t\t<\/div>\n\t\t\t\t<\/div>\n\t\t<\/div>\n\t\t\t\t\t\t\t\t\t\t<div class=\"ea-item \">\n\t\t\t<div class=\"ea-img-wrap\">\n\t\t\t\t\t\t<img decoding=\"async\" class=\"ea-img\" src=\"https:\/\/coffee46.azestilo.com\/wp-content\/uploads\/2025\/07\/machablog.jpeg\" alt=\"Nuestra salsa macha 46 a la venta\">\r\n\t\t\t\t\t<\/div>\n            \t\t\t<div class=\"ea-content\">\n\t\t\t\t\t\t<div class=\"ea-category\">\r\n\t\t\t<a href=\"https:\/\/coffee46.azestilo.com\/?cat=17\">Coffee<\/a>\t\t<\/div>\r\n\t\t\t\t\t\t\t\t<h3 class=\"ea-title\">\r\n\t\t\t<a href=\"https:\/\/coffee46.azestilo.com\/?p=1132\" class=\"title-animation-underline\" title=\"Nuestra salsa macha 46 a la venta\">\r\n\t\t\t\tNuestra salsa macha 46 a la venta\t\t\t<\/a>\r\n\t\t<\/h3>\r\n\t\t        <div class=\"ea-text-wrap\">\n          \t\t<div class=\"ea-text\">\r\n\t\t<p>La salsa que disfrutas en la cafeter\u00eda a la venta, primer compra por $125 y refill por $100 \u00a1ven por la tuya! Nuestra salsa macha 46 a la venta La<\/p>\n\t\t<\/div>\r\n\t\t        <\/div>\n\t\t\t\t<div class=\"ea-meta ea-flex-inline ea-flex-middle\">\n\t\t\t\t\t\t\t<div class=\"ea-date\">\r\n\t\t\tagosto 4, 2025\t\t<\/div>\r\n\r\n\t\t\t\t\n\t\t<div class=\"ea-author\">\n\t\t\t<span>by<\/span>\n\t\t\t<a href=\"https:\/\/coffee46.azestilo.com\/?author=2\">\n\t\t\t\tCoffee_46\t\t\t<\/a>\n\t\t<\/div>\n\n\t\t\t\t\t\t\t\n\t\t<div class=\"ea-comments ea-flex ea-flex-middle\">\n\t\t\t<i class=\"eicon-comments\"><\/i>\n\t\t\t<span>0 Comments<\/span>\n\t\t<\/div>\n\n\t\t\t\t\t<\/div>\n        \t\t<div class=\"ea-button-wrap\">\n\t\t\t<a href=\"https:\/\/coffee46.azestilo.com\/?p=1132\" class=\"ea-readmore\">\n\t\t\t\t<span class=\"ea-readmore-icon\"><span><\/span>read more<\/span>\n\t\t\t<\/a>\n\t\t<\/div>\n\t\t\t\t<\/div>\n\t\t<\/div>\n\t\t\t\t\t\t\t\t\t\t<div class=\"ea-item \">\n\t\t\t<div class=\"ea-img-wrap\">\n\t\t\t\t\t\t<img decoding=\"async\" class=\"ea-img\" src=\"https:\/\/coffee46.azestilo.com\/wp-content\/uploads\/2025\/07\/f433ffc5-9a11-41f0-bb80-d838794a88c6.png\" alt=\"Tu bienestar, nuestra prioridad: nos adaptamos a tus necesidades alimenticias\">\r\n\t\t\t\t\t<\/div>\n            \t\t\t<div class=\"ea-content\">\n\t\t\t\t\t\t<div class=\"ea-category\">\r\n\t\t\t<a href=\"https:\/\/coffee46.azestilo.com\/?cat=17\">Coffee<\/a>\t\t<\/div>\r\n\t\t\t\t\t\t\t\t<h3 class=\"ea-title\">\r\n\t\t\t<a href=\"https:\/\/coffee46.azestilo.com\/?p=1015\" class=\"title-animation-underline\" title=\"Tu bienestar, nuestra prioridad: nos adaptamos a tus necesidades alimenticias\">\r\n\t\t\t\tTu bienestar, nuestra prioridad: nos adaptamos a tus necesidades alimenticias\t\t\t<\/a>\r\n\t\t<\/h3>\r\n\t\t        <div class=\"ea-text-wrap\">\n          \t\t<div class=\"ea-text\">\r\n\t\t<p>Tu bienestar, nuestra prioridad: nos adaptamos a tus necesidades alimenticias Tu bienestar, nuestra prioridad: nos adaptamos a tus necesidades alimenticias Tu bienestar, nuestra prioridad: nos adaptamos a tus necesidades alimenticias<\/p>\n\t\t<\/div>\r\n\t\t        <\/div>\n\t\t\t\t<div class=\"ea-meta ea-flex-inline ea-flex-middle\">\n\t\t\t\t\t\t\t<div class=\"ea-date\">\r\n\t\t\tjulio 31, 2025\t\t<\/div>\r\n\r\n\t\t\t\t\n\t\t<div class=\"ea-author\">\n\t\t\t<span>by<\/span>\n\t\t\t<a href=\"https:\/\/coffee46.azestilo.com\/?author=2\">\n\t\t\t\tCoffee_46\t\t\t<\/a>\n\t\t<\/div>\n\n\t\t\t\t\t\t\t\n\t\t<div class=\"ea-comments ea-flex ea-flex-middle\">\n\t\t\t<i class=\"eicon-comments\"><\/i>\n\t\t\t<span>0 Comments<\/span>\n\t\t<\/div>\n\n\t\t\t\t\t<\/div>\n        \t\t<div class=\"ea-button-wrap\">\n\t\t\t<a href=\"https:\/\/coffee46.azestilo.com\/?p=1015\" class=\"ea-readmore\">\n\t\t\t\t<span class=\"ea-readmore-icon\"><span><\/span>read more<\/span>\n\t\t\t<\/a>\n\t\t<\/div>\n\t\t\t\t<\/div>\n\t\t<\/div>\n\t\t\t\t\t\t\t\t\t\t<div class=\"ea-item \">\n\t\t\t<div class=\"ea-img-wrap\">\n\t\t\t\t\t\t<img decoding=\"async\" class=\"ea-img\" src=\"https:\/\/coffee46.azestilo.com\/wp-content\/uploads\/2025\/07\/Post-de-Instagram-Vertical-Menu-del-Dia-Gis-Gris-y-Rosa.png\" alt=\"Men\u00fa del d\u00eda disponible de lunes a viernes\">\r\n\t\t\t\t\t<\/div>\n            \t\t\t<div class=\"ea-content\">\n\t\t\t\t\t\t<div class=\"ea-category\">\r\n\t\t\t<a href=\"https:\/\/coffee46.azestilo.com\/?cat=17\">Coffee<\/a>\t\t<\/div>\r\n\t\t\t\t\t\t\t\t<h3 class=\"ea-title\">\r\n\t\t\t<a href=\"https:\/\/coffee46.azestilo.com\/?p=1009\" class=\"title-animation-underline\" title=\"Men\u00fa del d\u00eda disponible de lunes a viernes\">\r\n\t\t\t\tMen\u00fa del d\u00eda disponible de lunes a viernes\t\t\t<\/a>\r\n\t\t<\/h3>\r\n\t\t        <div class=\"ea-text-wrap\">\n          \t\t<div class=\"ea-text\">\r\n\t\t<p>Men\u00fa del d\u00eda disponible de lunes a viernes Men\u00fa del d\u00eda disponible de lunes a viernes Nuestro men\u00fa del d\u00eda que incluye entrada, principal con acompa\u00f1amientos, postre y bebida est\u00e1<\/p>\n\t\t<\/div>\r\n\t\t        <\/div>\n\t\t\t\t<div class=\"ea-meta ea-flex-inline ea-flex-middle\">\n\t\t\t\t\t\t\t<div class=\"ea-date\">\r\n\t\t\tjulio 30, 2025\t\t<\/div>\r\n\r\n\t\t\t\t\n\t\t<div class=\"ea-author\">\n\t\t\t<span>by<\/span>\n\t\t\t<a href=\"https:\/\/coffee46.azestilo.com\/?author=2\">\n\t\t\t\tCoffee_46\t\t\t<\/a>\n\t\t<\/div>\n\n\t\t\t\t\t\t\t\n\t\t<div class=\"ea-comments ea-flex ea-flex-middle\">\n\t\t\t<i class=\"eicon-comments\"><\/i>\n\t\t\t<span>0 Comments<\/span>\n\t\t<\/div>\n\n\t\t\t\t\t<\/div>\n        \t\t<div class=\"ea-button-wrap\">\n\t\t\t<a href=\"https:\/\/coffee46.azestilo.com\/?p=1009\" class=\"ea-readmore\">\n\t\t\t\t<span class=\"ea-readmore-icon\"><span><\/span>read more<\/span>\n\t\t\t<\/a>\n\t\t<\/div>\n\t\t\t\t<\/div>\n\t\t<\/div>\n\t\t\t\t\t\t\t\t\t\t<div class=\"ea-item \">\n\t\t\t<div class=\"ea-img-wrap\">\n\t\t\t\t\t\t<img decoding=\"async\" class=\"ea-img\" src=\"https:\/\/coffee46.azestilo.com\/wp-content\/uploads\/2025\/07\/autor.jpeg\" alt=\"Prueba nuestras bebidas de autor\">\r\n\t\t\t\t\t<\/div>\n            \t\t\t<div class=\"ea-content\">\n\t\t\t\t\t\t<div class=\"ea-category\">\r\n\t\t\t<a href=\"https:\/\/coffee46.azestilo.com\/?cat=17\">Coffee<\/a>\t\t<\/div>\r\n\t\t\t\t\t\t\t\t<h3 class=\"ea-title\">\r\n\t\t\t<a href=\"https:\/\/coffee46.azestilo.com\/?p=1006\" class=\"title-animation-underline\" title=\"Prueba nuestras bebidas de autor\">\r\n\t\t\t\tPrueba nuestras bebidas de autor\t\t\t<\/a>\r\n\t\t<\/h3>\r\n\t\t        <div class=\"ea-text-wrap\">\n          \t\t<div class=\"ea-text\">\r\n\t\t<p>Prueba nuestras bebidas de autor Prueba nuestras bebidas de autor Bebidas que solo encontrar\u00e1s con nosotros como el Te Helado Rossi o el Valentino, una explosi\u00f3n de sabor y frescura.<\/p>\n\t\t<\/div>\r\n\t\t        <\/div>\n\t\t\t\t<div class=\"ea-meta ea-flex-inline ea-flex-middle\">\n\t\t\t\t\t\t\t<div class=\"ea-date\">\r\n\t\t\tjulio 30, 2025\t\t<\/div>\r\n\r\n\t\t\t\t\n\t\t<div class=\"ea-author\">\n\t\t\t<span>by<\/span>\n\t\t\t<a href=\"https:\/\/coffee46.azestilo.com\/?author=2\">\n\t\t\t\tCoffee_46\t\t\t<\/a>\n\t\t<\/div>\n\n\t\t\t\t\t\t\t\n\t\t<div class=\"ea-comments ea-flex ea-flex-middle\">\n\t\t\t<i class=\"eicon-comments\"><\/i>\n\t\t\t<span>0 Comments<\/span>\n\t\t<\/div>\n\n\t\t\t\t\t<\/div>\n        \t\t<div class=\"ea-button-wrap\">\n\t\t\t<a href=\"https:\/\/coffee46.azestilo.com\/?p=1006\" class=\"ea-readmore\">\n\t\t\t\t<span class=\"ea-readmore-icon\"><span><\/span>read more<\/span>\n\t\t\t<\/a>\n\t\t<\/div>\n\t\t\t\t<\/div>\n\t\t<\/div>\n\t\t\t\t\t\t\t\t\t\t<div class=\"ea-item \">\n\t\t\t<div class=\"ea-img-wrap\">\n\t\t\t\t\t\t<img decoding=\"async\" class=\"ea-img\" src=\"https:\/\/coffee46.azestilo.com\/wp-content\/uploads\/2025\/07\/leches-1.jpg\" alt=\"Tenemos diferentes tipos de leche para t\u00ed\">\r\n\t\t\t\t\t<\/div>\n            \t\t\t<div class=\"ea-content\">\n\t\t\t\t\t\t<div class=\"ea-category\">\r\n\t\t\t<a href=\"https:\/\/coffee46.azestilo.com\/?cat=17\">Coffee<\/a>\t\t<\/div>\r\n\t\t\t\t\t\t\t\t<h3 class=\"ea-title\">\r\n\t\t\t<a href=\"https:\/\/coffee46.azestilo.com\/?p=1000\" class=\"title-animation-underline\" title=\"Tenemos diferentes tipos de leche para t\u00ed\">\r\n\t\t\t\tTenemos diferentes tipos de leche para t\u00ed\t\t\t<\/a>\r\n\t\t<\/h3>\r\n\t\t        <div class=\"ea-text-wrap\">\n          \t\t<div class=\"ea-text\">\r\n\t\t<p>Tenemos diferentes tipos de leche para t\u00ed Sabemos que cada cuerpo y necesidades son diferentes por ello tenemos diferentes tipos de leche, entera, deslactosada, deslactosada light y vegetal, la \u00fanica<\/p>\n\t\t<\/div>\r\n\t\t        <\/div>\n\t\t\t\t<div class=\"ea-meta ea-flex-inline ea-flex-middle\">\n\t\t\t\t\t\t\t<div class=\"ea-date\">\r\n\t\t\tjulio 30, 2025\t\t<\/div>\r\n\r\n\t\t\t\t\n\t\t<div class=\"ea-author\">\n\t\t\t<span>by<\/span>\n\t\t\t<a href=\"https:\/\/coffee46.azestilo.com\/?author=2\">\n\t\t\t\tCoffee_46\t\t\t<\/a>\n\t\t<\/div>\n\n\t\t\t\t\t\t\t\n\t\t<div class=\"ea-comments ea-flex ea-flex-middle\">\n\t\t\t<i class=\"eicon-comments\"><\/i>\n\t\t\t<span>0 Comments<\/span>\n\t\t<\/div>\n\n\t\t\t\t\t<\/div>\n        \t\t<div class=\"ea-button-wrap\">\n\t\t\t<a href=\"https:\/\/coffee46.azestilo.com\/?p=1000\" class=\"ea-readmore\">\n\t\t\t\t<span class=\"ea-readmore-icon\"><span><\/span>read more<\/span>\n\t\t\t<\/a>\n\t\t<\/div>\n\t\t\t\t<\/div>\n\t\t<\/div>\n\t\t\t\t\t\t<\/div>\n\n\t\t\t\t\t\t<\/div>\n\t\t\t\t<\/div>\n\t\t\t\t\t<\/div>\n\t\t<\/div>\n\t\t\t\t<div class=\"elementor-column elementor-col-50 elementor-inner-column elementor-element elementor-element-3f71b495\" data-id=\"3f71b495\" data-element_type=\"column\">\n\t\t\t<div class=\"elementor-widget-wrap elementor-element-populated\">\n\t\t\t\t\t\t<div class=\"elementor-element elementor-element-14c589a1 elementor-widget elementor-widget-sidebar\" data-id=\"14c589a1\" data-element_type=\"widget\" id=\"efarm-pro-sidebar\" data-widget_type=\"sidebar.default\">\n\t\t\t\t<div class=\"elementor-widget-container\">\n\t\t\t\t\t<aside id=\"block-2\" class=\"widget widget_block widget_search\"><form role=\"search\" method=\"get\" action=\"https:\/\/coffee46.azestilo.com\/\" class=\"wp-block-search__button-outside wp-block-search__text-button wp-block-search\"    ><label class=\"wp-block-search__label\" for=\"wp-block-search__input-1\" >Buscar<\/label><div class=\"wp-block-search__inside-wrapper\" ><input class=\"wp-block-search__input\" id=\"wp-block-search__input-1\" placeholder=\"\" value=\"\" type=\"search\" name=\"s\" required \/><button aria-label=\"Buscar\" class=\"wp-block-search__button wp-element-button\" type=\"submit\" >Buscar<\/button><\/div><\/form><\/aside><aside id=\"block-3\" class=\"widget widget_block\">\n<div class=\"wp-block-group\"><div class=\"wp-block-group__inner-container is-layout-flow wp-block-group-is-layout-flow\">\n<h2 class=\"wp-block-heading\">Publicaciones recientes<\/h2>\n\n\n<ul class=\"wp-block-latest-posts__list wp-block-latest-posts\"><li><a class=\"wp-block-latest-posts__post-title\" href=\"https:\/\/coffee46.azestilo.com\/?p=1156\">En Coffee 46 cuidamos el planeta contigo \ud83c\udf0d\u2615<\/a><\/li>\n<li><a class=\"wp-block-latest-posts__post-title\" href=\"https:\/\/coffee46.azestilo.com\/?p=1132\">Nuestra salsa macha 46 a la venta<\/a><\/li>\n<li><a class=\"wp-block-latest-posts__post-title\" href=\"https:\/\/coffee46.azestilo.com\/?p=1015\">Tu bienestar, nuestra prioridad: nos adaptamos a tus necesidades alimenticias<\/a><\/li>\n<li><a class=\"wp-block-latest-posts__post-title\" href=\"https:\/\/coffee46.azestilo.com\/?p=1009\">Men\u00fa del d\u00eda disponible de lunes a viernes<\/a><\/li>\n<li><a class=\"wp-block-latest-posts__post-title\" href=\"https:\/\/coffee46.azestilo.com\/?p=1006\">Prueba nuestras bebidas de autor<\/a><\/li>\n<\/ul><\/div><\/div>\n<\/aside><aside id=\"block-4\" class=\"widget widget_block\">\n<div class=\"wp-block-group\"><div class=\"wp-block-group__inner-container is-layout-flow wp-block-group-is-layout-flow\">\n<h2 class=\"wp-block-heading\">Comentarios recientes<\/h2>\n\n\n<div class=\"no-comments wp-block-latest-comments\">No hay comentarios que mostrar.<\/div><\/div><\/div>\n<\/aside>\t\t\t\t<\/div>\n\t\t\t\t<\/div>\n\t\t\t\t\t<\/div>\n\t\t<\/div>\n\t\t\t\t\t<\/div>\n\t\t<\/section>\n\t\t\t\t\t<\/div>\n\t\t<\/div>\n\t\t\t\t\t<\/div>\n\t\t<\/section>\n\t\t\t\t<\/div>\n\t\t","protected":false},"excerpt":{"rendered":"<p>Blog With Right Sidebar Coffee Ideal Cocktails From Our Barmen For Perfect Mood Been to this stunning place many times over the last years.Tonight I have to say, it was good as it ever was. Superb food, exceedingly good staff. Lovely atmosphere staff July 19, 2025 by temp_admin 0 Comments read more Coffee Best Cup [&hellip;]<\/p>\n","protected":false},"author":1,"featured_media":0,"parent":0,"menu_order":0,"comment_status":"closed","ping_status":"closed","template":"","meta":{"footnotes":""},"class_list":["post-58","page","type-page","status-publish","hentry"],"_links":{"self":[{"href":"https:\/\/coffee46.azestilo.com\/index.php?rest_route=\/wp\/v2\/pages\/58","targetHints":{"allow":["GET"]}}],"collection":[{"href":"https:\/\/coffee46.azestilo.com\/index.php?rest_route=\/wp\/v2\/pages"}],"about":[{"href":"https:\/\/coffee46.azestilo.com\/index.php?rest_route=\/wp\/v2\/types\/page"}],"author":[{"embeddable":true,"href":"https:\/\/coffee46.azestilo.com\/index.php?rest_route=\/wp\/v2\/users\/1"}],"replies":[{"embeddable":true,"href":"https:\/\/coffee46.azestilo.com\/index.php?rest_route=%2Fwp%2Fv2%2Fcomments&post=58"}],"version-history":[{"count":4,"href":"https:\/\/coffee46.azestilo.com\/index.php?rest_route=\/wp\/v2\/pages\/58\/revisions"}],"predecessor-version":[{"id":1012,"href":"https:\/\/coffee46.azestilo.com\/index.php?rest_route=\/wp\/v2\/pages\/58\/revisions\/1012"}],"wp:attachment":[{"href":"https:\/\/coffee46.azestilo.com\/index.php?rest_route=%2Fwp%2Fv2%2Fmedia&parent=58"}],"curies":[{"name":"wp","href":"https:\/\/api.w.org\/{rel}","templated":true}]}}